{"id":14,"date":"2026-02-16T17:37:01","date_gmt":"2026-02-16T16:37:01","guid":{"rendered":"https:\/\/stf.katowice.pl\/?page_id=14"},"modified":"2026-02-23T13:26:24","modified_gmt":"2026-02-23T12:26:24","slug":"historia-stf","status":"publish","type":"page","link":"https:\/\/stf.katowice.pl\/?page_id=14","title":{"rendered":"Historia \u015aTF"},"content":{"rendered":"\n<div style=\"height:100px\" aria-hidden=\"true\" class=\"wp-block-spacer\"><\/div>\n\n\n\n<p class=\"has-large-font-size\">Wszystko zacz\u0119\u0142o si\u0119 23 lutego 2002 roku, kiedy to grupa mi\u0142o\u015bnik\u00f3w fotografii w Katowicach powo\u0142a\u0142a do dzia\u0142ania \u015al\u0105skie Towarzystwo Fotograficzne&#8230;<\/p>\n\n\n\n<p class=\"has-large-font-size\">Pierwsze oficjalne za\u0142o\u017cycielskie spotkanie odby\u0142o si\u0119 dzi\u0119ki uprzejmo\u015bci w\u0142adz ZPAF w lokalu Zwi\u0105zku w Katowicach na ulicy Warszawskiej. Go\u015b\u0107mi honorowymi byli \u017cyczliwi inicjatywie towarzystwa arty\u015bci fotograficy Andrzej Koniakowski i Piotr Szymon. Ju\u017c na pierwszym spotkaniu s\u0142u\u017cyli rad\u0105 i fachow\u0105 ocen\u0105 prac cz\u0142onk\u00f3w STF-u.&nbsp;<\/p>\n\n\n\n<div style=\"height:50px\" aria-hidden=\"true\" class=\"wp-block-spacer\"><\/div>\n\n\n<div class=\"wp-block-image\">\n<figure class=\"aligncenter size-full\"><img loading=\"lazy\" decoding=\"async\" width=\"2000\" height=\"1338\" src=\"https:\/\/stf.katowice.pl\/wp-content\/uploads\/2026\/02\/STF_Hist.jpg\" alt=\"\" class=\"wp-image-227\" srcset=\"https:\/\/stf.katowice.pl\/wp-content\/uploads\/2026\/02\/STF_Hist.jpg 2000w, https:\/\/stf.katowice.pl\/wp-content\/uploads\/2026\/02\/STF_Hist-300x201.jpg 300w, https:\/\/stf.katowice.pl\/wp-content\/uploads\/2026\/02\/STF_Hist-1024x685.jpg 1024w, https:\/\/stf.katowice.pl\/wp-content\/uploads\/2026\/02\/STF_Hist-768x514.jpg 768w, https:\/\/stf.katowice.pl\/wp-content\/uploads\/2026\/02\/STF_Hist-1536x1028.jpg 1536w, https:\/\/stf.katowice.pl\/wp-content\/uploads\/2026\/02\/STF_Hist-299x200.jpg 299w\" sizes=\"auto, (max-width: 2000px) 100vw, 2000px\" \/><figcaption class=\"wp-element-caption\">GRUPA ZA\u0141O\u017bYCIELSKA &#8211; siedziba Okr\u0119gu \u015al\u0105skiego ZPAF \u2013 w Katowicach przy ul. Warszawskiej &#8211; Fot. Arch. \u015aTF<\/figcaption><\/figure>\n<\/div>\n\n\n<div style=\"height:50px\" aria-hidden=\"true\" class=\"wp-block-spacer\"><\/div>\n\n\n\n<p class=\"has-large-font-size\">Do \u015aTF nale\u017celi na samym pocz\u0105tku (w kolejno\u015bci alfabetycznej): Tomasz Dziechciarz, Monika Fedeli\u0144ska, Marcin Gasid\u0142o, Krzysztof Go\u0142uch, Jacek Gruszczy\u0144ski, Miros\u0142aw Grzegrz\u00f3\u0142ka, Agnieszka Grzelak, Joanna Grzybowska, Rafa\u0142 Hernicki, Waldemar J\u00f3zwa, Andrzej Koniakowski, Micha\u0142 Krawczy\u0144ski, Tomasz Krzemi\u0144ski \u2013 \u201eBlack Peter\u201d, Jan Langer, Barbara Langiewicz, Dorota Lubocka, Agnieszka \u0141akomy, Irek \u201eMayky\u201d Malcharczyk, Mateusz Michalik, Beata Nosal, Dominik Nowak, Marzena Paciej, Krzysztof Pniok, Adriana Pohl, Grzegorz Pyka, Victor Grados Romero, Robert Smy\u0142a, S\u0142awek Sobczyk, Robert Stangrecki, Micha\u0142 Szalast, Grzegorz Szmak \u2013 Paszkowski, Jakub Szymczyk, Alina \u015alusarek, Marcin Tomalka, Adam Warcholi\u0144ski, Adam Warcho\u0142, Marek Weso\u0142owski.<\/p>\n\n\n\n<div style=\"height:60px\" aria-hidden=\"true\" class=\"wp-block-spacer\"><\/div>\n\n\n\n<p class=\"has-text-align-center has-large-font-size\" style=\"font-style:normal;font-weight:500\"><a href=\"https:\/\/stf.katowice.pl\/?page_id=14&amp;page=2\">Szczeg\u00f3\u0142owa Historia \u015al\u0105skiego Towarzystwa Fotograficznego<\/a><\/p>\n\n\n\n<div style=\"height:100px\" aria-hidden=\"true\" class=\"wp-block-spacer\"><\/div>\n\n\n<div class=\"wp-block-image\">\n<figure class=\"aligncenter size-full is-resized\"><img loading=\"lazy\" decoding=\"async\" width=\"500\" height=\"396\" src=\"https:\/\/stf.katowice.pl\/wp-content\/uploads\/2026\/02\/Logo_czarne_male.png\" alt=\"\" class=\"wp-image-77\" style=\"width:200px\" srcset=\"https:\/\/stf.katowice.pl\/wp-content\/uploads\/2026\/02\/Logo_czarne_male.png 500w, https:\/\/stf.katowice.pl\/wp-content\/uploads\/2026\/02\/Logo_czarne_male-300x238.png 300w, https:\/\/stf.katowice.pl\/wp-content\/uploads\/2026\/02\/Logo_czarne_male-253x200.png 253w\" sizes=\"auto, (max-width: 500px) 100vw, 500px\" \/><\/figure>\n<\/div>\n\n\n<hr class=\"wp-block-separator has-alpha-channel-opacity\"\/>\n\n\n\n<!--nextpage-->\n\n\n\n<p class=\"has-large-font-size\">Wsp\u00f3lne zajmowanie si\u0119 fotografi\u0105 na \u015al\u0105sku potrzebne by\u0142o praktycznie od czasu, kiedy fotografia sta\u0142a si\u0119 dost\u0119pna nie tylko dla wybra\u0144c\u00f3w, ale praktycznie dla ka\u017cdego.&nbsp;<\/p>\n\n\n\n<p class=\"has-large-font-size\">Wystarczy wspomnie\u0107 o Katowickim Towarzystwie Fotograficznym, kt\u00f3rego powstanie datuje si\u0119 formalnie na 1978 rok, czy te\u017c o jeszcze wcze\u015bniej za\u0142o\u017conym \u015al\u0105skim Towarzystwie Mi\u0142o\u015bnik\u00f3w Fotografii powsta\u0142ym w 1934 roku, na bazie kt\u00f3rego po II wojnie \u015bwiatowej powsta\u0142 Katowicki Oddzia\u0142 Polskiego Towarzystwa Fotograficznego \u2013 dzisiejszy Okr\u0119g \u015al\u0105ski Zwi\u0105zku Polskich Artyst\u00f3w Fotografik\u00f3w.<\/p>\n\n\n\n<p class=\"has-large-font-size\">Jednak ca\u0142y czas istnia\u0142a potrzeba czego\u015b mniej formalnego, gromadz\u0105cego nie tylko artyst\u00f3w, ale r\u00f3wnie\u017c (a mo\u017ce przede wszystkim) ludzi, kt\u00f3rzy nie koniecznie ju\u017c widzieli w sobie artyst\u0119 fotografika, ale tym artyst\u0105 marzyli, planowali kiedy\u015b zosta\u0107 lub po prostu zarazili si\u0119 fotografi\u0105 jako tak\u0105 i t\u0105 \u201edolegliwo\u015bci\u0105\u201d mieli ochot\u0119 si\u0119 dzieli\u0107 z innymi.<\/p>\n\n\n\n<p class=\"has-large-font-size\">Potrzeb\u0119 tak\u0105 szybko zacz\u0119\u0142a dostrzega\u0107 grupa zrzeszonych w\u0142a\u015bnie w Okr\u0119gu \u015al\u0105skim ZPAF fotografik\u00f3w \u017cyczliwie nastawionych do wszystkich, kt\u00f3rzy wyra\u017cali potrzeb\u0119 doskonalenia swoich umiej\u0119tno\u015bci w tej szlachetnej sztuce jak\u0105 jest fotografowanie. Ale nie tylko w szlifowaniu swoich umiej\u0119tno\u015bci, lecz r\u00f3wnie\u017c w dzieleniu si\u0119 zwyk\u0142\u0105 rado\u015bci\u0105 wynikaj\u0105c\u0105 z rejestrowania na \u015bwiat\u0142oczu\u0142ym materiale ulotnych chwil, niezale\u017cnie od tego, czy zarejestrowane obrazy stanowi\u0105 dzie\u0142o sztuki czy s\u0105 dokumentem rejestruj\u0105cym rzeczywisto\u015b\u0107 czy te\u017c stanowi\u0105 zwyk\u0142\u0105 pami\u0105tk\u0119 w albumie rodzinnym.&nbsp;<\/p>\n\n\n\n<p class=\"has-large-font-size\">Genezy powstania \u015al\u0105skiego Towarzystwa Fotograficznego nale\u017cy w\u0142a\u015bnie upatrywa\u0107 w inicjatywie ZPAF-owych &#8211; \u015al\u0105skich Artyst\u00f3w Fotografik\u00f3w &#8211; Andrzeja Koniakowskiego, J\u00f3zefa Wolnego i Piotra Szymona, kt\u00f3rzy wsp\u00f3lnie z kilkunastoma innymi mi\u0142o\u015bnikami fotografii, poznanymi mi\u0119dzy innymi na nieistniej\u0105cych ju\u017c dzisiaj w \u00f3wczesnej formie &#8211; internetowych listach dyskusyjnych, powo\u0142ali je do \u017cycia.&nbsp;<\/p>\n\n\n\n<p class=\"has-large-font-size\">Od samego pocz\u0105tku swojego istnienia \u015al\u0105skie Towarzystwo Fotograficzne postawi\u0142o na brak jakikolwiek formalizm\u00f3w. Pocz\u0105wszy od struktur, poprzez zasady przyjmowania do \u015aTF a sko\u0144czywszy na statutach, regulaminach itp. Do dzisiaj (a w 2022 roku mija okr\u0105g\u0142e 20 lat) \u015al\u0105skie Towarzystwo Fotograficzne nie ma statutu, regulamin\u00f3w, sk\u0142adek cz\u0142onkowskich, prezes\u00f3w, zarz\u0105d\u00f3w, zasad przyjmowania i w\u0142asnego lokalu. Do \u015aTF nale\u017ce\u0107 mo\u017ce ka\u017cdy &#8211; bez wzgl\u0119du na p\u0142e\u0107, wiek i kolor sk\u00f3ry. Nie wa\u017cne czy ma sprz\u0119t za dziesi\u0105tki tysi\u0119cy czy te\u017c fotografuje telefonem. Ba! Nie wa\u017cne czy w og\u00f3le fotografuje! By\u0107 mo\u017ce tylko lubi ogl\u0105da\u0107 zdj\u0119cia\u2026 Nie wa\u017cne.<\/p>\n\n\n\n<p class=\"has-large-font-size\">Wa\u017cna jest pasja fotografii.<\/p>\n\n\n\n<p class=\"has-large-font-size\">Tak by\u0142o od pierwszych dni i tak jest do dzisiaj, cho\u0107 \u015aTF prze\u017cywa\u0142o w swojej 20 -sto letniej historii r\u00f3wnie\u017c ci\u0119\u017ckie chwile, kilka wzlot\u00f3w i upadk\u00f3w, oraz czasy, gdy na spotkania przychodzi\u0142y dwie, trzy osoby.<\/p>\n\n\n\n<p class=\"has-large-font-size\">Wracaj\u0105c jednak do pocz\u0105tk\u00f3w \u015aTF nale\u017cy podkre\u015bli\u0107, \u017ce ju\u017c od pierwszego spotkania bardziej do\u015bwiadczeni koledzy z ZPAF s\u0142u\u017cyli \u015aTF-owiczom swoim wsparciem, do\u015bwiadczeniem, rad\u0105 i fachow\u0105 pomoc\u0105. Szybko na spotkaniach tradycj\u0105 sta\u0142o si\u0119 pokazywanie swoich zdj\u0119\u0107 i ich fachowa ocena.<\/p>\n\n\n\n<p class=\"has-large-font-size\">Pierwsze oficjalne spotkanie \u015al\u0105skiego Towarzystwa Fotograficznego odby\u0142o si\u0119 23 lutego 2002 roku w \u00f3wczesnej siedzibie Okr\u0119gu \u015al\u0105skiego Zwi\u0105zku Polskich Artyst\u00f3w Fotografik\u00f3w (ZPAF) \u2013 w Katowicach przy ul. Warszawskiej, na kt\u00f3rym go\u015b\u0107mi honorowymi byli w\u0142a\u015bnie Andrzej Koniakowski, J\u00f3zef Wolny i Piotr Szymon.<\/p>\n\n\n\n<p class=\"has-large-font-size\">Po kilku kolejnych spotkaniach, kt\u00f3re z czasem zacz\u0119\u0142y by\u0107 organizowane regularnie 10, 20 i 30-stego ka\u017cdego miesi\u0105ca miejscem spotka\u0144 sta\u0142a si\u0119 kawiarnia Belmer Caffe, mieszcz\u0105ca si\u0119 w Katowicach w piwnicach Teatru \u015al\u0105skiego im. Stanis\u0142awa Wyspia\u0144skiego.&nbsp;<\/p>\n\n\n\n<p class=\"has-large-font-size\">Przyszed\u0142 r\u00f3wnie\u017c czas na pierwsz\u0105 zbiorow\u0105 wystaw\u0119, kt\u00f3ra odby\u0142a si\u0119 w siedzibie ZPAF w dniu 9 wrze\u015bnia 203 roku. Wystawa by\u0142a podsumowaniem wsp\u00f3lnej pracy nad tym co wszystkich w \u015aTF od pocz\u0105tku \u0142\u0105czy\u0142o \u2013 czyli na wsp\u00f3lnym doskonaleniu swoich fotograficznych umiej\u0119tno\u015bci. Wystawa zosta\u0142a bardzo dobrze odebrana przez bardziej do\u015bwiadczonych koleg\u00f3w i kole\u017canki z ZPAF a Andrzej Koniakowski wyr\u00f3\u017cni\u0142 Agnieszk\u0119 \u0141akomy \u2013 za interesuj\u0105ce pokazanie barwy oraz Helen\u0119 Zwoli\u0144sk\u0105 \u2013 za interesuj\u0105cy zestaw czarno-bia\u0142y.<\/p>\n\n\n\n<p class=\"has-large-font-size\">Na drug\u0105 zbiorow\u0105 wystaw\u0119 \u015aTF czeka\u0142 bez ma\u0142a trzy lata. Odby\u0142a si\u0119 ona w przeddzie\u0144 czwartej rocznicy powstania \u015aFT \u2013 8 lutego 2006 roku. Jak to powiedzia\u0142 Andrzej Koniakowski \u2013 \u201eMi\u0142o\u015bnicy i entuzja\u015bci \u015bl\u0105skiej fotografii maj\u0105 si\u0119 dobrze i pokazuj\u0105 kolejn\u0105 ciekaw\u0105 i aktualn\u0105 fotografie!\u201d.<\/p>\n\n\n\n<p class=\"has-large-font-size\">Do dzisiaj (stycze\u0144 2022 rok) \u015al\u0105skie Towarzystwo Fotograficzne zorganizowa\u0142o sze\u015b\u0107 w\u0142asnych zbiorowych wystaw:<\/p>\n\n\n\n<div class=\"wp-block-group is-vertical is-layout-flex wp-container-core-group-is-layout-8cf370e7 wp-block-group-is-layout-flex\">\n<p class=\"has-large-font-size\">\u00a0\u2022\u00a0\u00a0\u00a0I Zbiorowa Wystawa \u015aTF \u2013 wernisa\u017c: 9.09.2003 \u2013 Katowice ul. Warszawska (siedziba ZPAF Okr\u0119g \u015bl\u0105ski)<\/p>\n\n\n\n<p class=\"has-large-font-size\">\u00a0\u2022\u00a0\u00a0\u00a0II Zbiorowa Wystawa \u015aTF \u2013 wernisa\u017c: 8.02.2006 &#8211; Katowice ul. Warszawska (siedziba ZPAF Okr\u0119g \u015bl\u0105ski)<\/p>\n\n\n\n<p class=\"has-large-font-size\">\u00a0\u2022\u00a0\u00a0\u00a0III Zbiorowa Wystawa \u015aTF- \u201eFotografia jak pami\u0119\u0107 \u2013 bezcenna\u201d &#8211; wernisa\u017c: 7.11.2014 \u2013 Katowice<\/p>\n\n\n\n<p class=\"has-large-font-size\">\u00a0\u2022\u00a0\u00a0\u00a0IV Zbiorowa Wystawa \u015aTF \u2013 \u201eFotografia jak pami\u0119\u0107 bezcenna. Portret.\u201d- wernisa\u017c: 11 kwietnia 2015, Tychy klub \u201eAndromeda\u201d<\/p>\n\n\n\n<p class=\"has-large-font-size\">\u00a0\u2022\u00a0\u00a0\u00a0Wystawa \u201eSkupienie\u201d \u2013 wernisa\u017c: 12 stycznia 2018, Siemianowice \u015al\u0105skie \u2013 Park Tradycji<\/p>\n\n\n\n<p class=\"has-large-font-size\">\u00a0\u2022\u00a0\u00a0\u00a0Wystawa \u201e\u015awiaty R\u00f3wnoleg\u0142e\u201d \u2013 wernisa\u017c: 24 czerwca 2021, Siemianowice \u015al\u0105skie \u2013 Park Tradycji<\/p>\n<\/div>\n\n\n\n<p class=\"has-large-font-size\">W tym czasie zmienia\u0142y si\u0119 miejsca spotka\u0144 \u015al\u0105skiego Towarzystwa Fotograficznego. Nie maj\u0105c w\u0142asnej siedziby \u015aTF z jednej strony nie mia\u0142 zwi\u0105zanych z tym ogranicze\u0144, z drugiej strony boryka\u0142 si\u0119 z problemem znalezienia w miar\u0119 sta\u0142ego miejsca do spotka\u0144, kt\u00f3re zapewnia\u0142o by nie tylko miejsce jako takie, ale r\u00f3wnie\u017c odpowiednie warunki do tego co jest sol\u0105 fotografii \u2013 czyli do pokazywania zdj\u0119\u0107 i prowadzenia dyskusji nad nimi.<\/p>\n\n\n\n<p class=\"has-large-font-size\">Zatem po siedzibie ZPAF w Katowicach na ul. Warszawskiej miejscami spotka\u0144 \u015aTF-owicz\u00f3w by\u0142y mi\u0119dzy innymi:<\/p>\n\n\n\n<div class=\"wp-block-group is-vertical is-layout-flex wp-container-core-group-is-layout-8cf370e7 wp-block-group-is-layout-flex\">\n<div class=\"wp-block-group is-vertical is-layout-flex wp-container-core-group-is-layout-8cf370e7 wp-block-group-is-layout-flex\">\n<p class=\"has-large-font-size\">\u00a0\u2022\u00a0\u00a0\u00a0Belmer Caffe<\/p>\n\n\n\n<p class=\"has-large-font-size\">\u00a0\u2022\u00a0\u00a0\u00a0Drewniany Konik<\/p>\n\n\n\n<p class=\"has-large-font-size\">\u00a0\u2022\u00a0\u00a0\u00a0\u015al\u0105ska Biblioteka Terapeutyczna,<\/p>\n\n\n\n<p class=\"has-large-font-size\">\u00a0\u2022\u00a0\u00a0\u00a0Pub Cammelot<\/p>\n\n\n\n<p class=\"has-large-font-size\">\u00a0\u2022\u00a0\u00a0\u00a0Hotel Olimpijski<\/p>\n\n\n\n<p class=\"has-large-font-size\">\u00a0\u2022\u00a0\u00a0\u00a0Sienkiewicza 27\u00a0<\/p>\n\n\n\n<p class=\"has-large-font-size\">\u00a0\u2022\u00a0\u00a0\u00a0Foto Pub<\/p>\n\n\n\n<p class=\"has-large-font-size\">\u00a0\u2022\u00a0\u00a0\u00a0Kawiarnia Fotograficzna<\/p>\n\n\n\n<p class=\"has-large-font-size\">\u00a0\u2022\u00a0\u00a0\u00a0Siedziba ZPAF na ul. \u015awi\u0119tego Jana 10<\/p>\n\n\n\n<p class=\"has-large-font-size\">\u00a0\u2022\u00a0\u00a0\u00a0Pub Bia\u0142a Ma\u0142pa<\/p>\n<\/div>\n<\/div>\n\n\n\n<p class=\"has-large-font-size\">\u015aFT regularnie bierze r\u00f3wnie\u017c udzia\u0142 w organizowanych ju\u017c tradycyjnie na \u015al\u0105sku Industriadach. Dotychczas prace cz\u0142onk\u00f3w \u015aTF mo\u017cna by\u0142o ogl\u0105da\u0107 w ramach wystaw:<\/p>\n\n\n\n<div class=\"wp-block-group\"><div class=\"wp-block-group__inner-container is-layout-constrained wp-block-group-is-layout-constrained\">\n<p class=\"has-large-font-size\">\u00a0\u2022\u00a0\u00a0\u00a0Industriada 2019 \u2013 \u201eBal-in\u201d (Indubal) \u2013 wernisa\u017c: 7 Czerwca 2019, Siemianowice \u015al\u0105skie \u2013 Park Tradycji<\/p>\n\n\n\n<p class=\"has-large-font-size\">\u00a0\u2022\u00a0\u00a0\u00a0Industriada 2020 \u2013 \u201cDe Industriae Natura \u2013 O Naturze Przemys\u0142u\u201d \u2013 wernisa\u017c: 26 wrze\u015bnia 2020, Siemianowice \u015al\u0105skie \u2013 Park Tradycji<\/p>\n\n\n\n<p class=\"has-large-font-size\">\u00a0\u2022\u00a0\u00a0\u00a0Industriada 2021 \u2013 \u201eTechnika. To Was Zaskoczy \u2013 Zawstydzaj\u0105c Archimedesa\u201d \u2013 wernisa\u017c: 11 wrze\u015bnia 2021, Siemianowice \u015al\u0105skie \u2013 Park Tradycji<\/p>\n<\/div><\/div>\n\n\n\n<p class=\"has-large-font-size\">Nale\u017cy wspomnie\u0107, \u017ce o ile \u015al\u0105skie Towarzystwo Fotograficzne powo\u0142ane zosta\u0142o do \u017cycia przy wielkim udziale i z inicjatywy \u201eojc\u00f3w za\u0142o\u017cycieli\u201d w osobach Koniakowskiego, Wolnego i Szymona, to przez praktycznie ca\u0142y czas istnienia \u015aTF mentorem, opiekunem i nieformalnym (cho\u0107 przez kr\u00f3tki czas r\u00f3wnie\u017c formalnym) Prezesem \u015aTF by\u0142 J\u00f3zef Wolny \u2013 znamienity \u015bl\u0105ski fotografik, wieloletni cz\u0142onek ZPAF, fotoreporter a obecnie fotoedytor w \u201eGo\u015bciu Niedzielnym\u201d. Bez J\u00f3zefa Wolnego, jego charyzmy i zaanga\u017cowania \u015aTF trudno sobie dzisiaj wyobrazi\u0107.<\/p>\n\n\n\n<p class=\"has-large-font-size\">Trzeba r\u00f3wnie\u017c podkre\u015bli\u0107, \u017ce \u015aTF jest swego rodzaju ewenementem. Przez 20 lat istnieje jako ca\u0142kowicie nieformalna grupa ludzi. Pomys\u0142 sformalizowania \u015al\u0105skiego Towarzystwa Fotograficznego doprowadzi\u0142 w pocz\u0105tkowych latach istnienia bez ma\u0142a do jego unicestwienia i praktycznie nigdy nie pojawi\u0142 si\u0119 ponownie, pomimo tego, \u017ce w \u015aTF pojawiaj\u0105 si\u0119 ci\u0105gle nowi ludzie. Paradoksalnie si\u0142\u0105 \u015aTF jest w\u0142a\u015bnie to, \u017ce to ca\u0142kiem nieformalna grupa. Mimo to dzisiaj \u015aTF posiada swoje miejsce w mediach elektronicznych (w\u0142asna domena i strona internetowa:\u00a0<a href=\"http:\/\/www.stf.katowice.pl\/\">www.stf.katowice.pl<\/a>, oraz kilkudziesi\u0119cioosobowa grupa na Facebooku, w\u0142asne logo i mark\u0119, kt\u00f3ra (miejmy nadziej\u0119) na sta\u0142e utrwali\u0142a si\u0119 ju\u017c w \u015bwiecie \u015bl\u0105skiej (i nie tylko \u015bl\u0105skiej) fotografii. Byli i obecni cz\u0142onkowie \u015aTF z powodzeniem realizuj\u0105 w\u0142asne projekty fotograficzne. Jednym z takich wsp\u00f3lnych projekt\u00f3w, o kt\u00f3rym nale\u017cy wspomnie\u0107 by\u0142o elektroniczne wydawnictwo \u201eFramesFactory\u201d, kt\u00f3re powsta\u0142o z inicjatywy Przemys\u0142awa Ledwocha. J\u00f3zefa Wolnego, Janusza R\u00f3\u017ca\u0144skiego i Arkadiusza Ba\u0142y \u2013 cz\u0142onk\u00f3w \u015aTF. Funkcjonowa\u0142o z powodzeniem w latach 2013 \u2013 2015, wydaj\u0105c \u0142\u0105cznie 9 numer\u00f3w. Wydawnictwo jako swoje motto przyj\u0119\u0142o pokazywanie ciekawych fotografii ciekawych ludzi i nie zamyka\u0142o si\u0119 jedynie na fotograf\u00f3w ze \u015al\u0105ska. By\u0142o inicjatyw\u0105 szeroko wykraczaj\u0105c\u0105 poza \u015al\u0105sk. W ramach \u201eFramesFactory\u201d cz\u0142onkowie \u015al\u0105skiego Towarzystwa Fotograficznego zaprezentowali 9-ciu Go\u015bci Numer\u00f3w, 6-\u015b\u0107 r\u00f3\u017cnorakich grup fotograficznych z ca\u0142ej Polski i \u0142\u0105cznie prace ponad 100 autor\u00f3w. Dzisiaj archiwalne numery FramesFactory mo\u017cna znale\u017a\u0107 pod adresem:\u00a0<a href=\"https:\/\/framesfactory.stf.katowice.pl\/\" target=\"_blank\" rel=\"noreferrer noopener\">www.framesfactory.stf.katowice.pl\/<\/a><\/p>\n\n\n\n<p class=\"has-large-font-size\">Obecnie \u015aTF nadal kultywuje zasad\u0119, \u017ce to grupa przyjaci\u00f3\u0142, kt\u00f3rych \u0142\u0105czy wsp\u00f3lna pasja. Nadal cz\u0142onkowie \u015aTF spotykaj\u0105 si\u0119, aby nie tylko rozmawia\u0107 o fotografii, ale r\u00f3wnie\u017c j\u0105 robi\u0107. St\u0105d wsp\u00f3lne inicjatywy plenerowe, wystawy i aktywna obecno\u015b\u0107 w mediach elektronicznych i portalach spo\u0142eczno\u015bciowych.<\/p>\n\n\n\n<div style=\"height:100px\" aria-hidden=\"true\" class=\"wp-block-spacer\"><\/div>\n\n\n<div class=\"wp-block-image\">\n<figure class=\"aligncenter size-full is-resized\"><img loading=\"lazy\" decoding=\"async\" width=\"500\" height=\"396\" src=\"https:\/\/stf.katowice.pl\/wp-content\/uploads\/2026\/02\/Logo_czarne_male.png\" alt=\"\" class=\"wp-image-77\" style=\"width:200px\" srcset=\"https:\/\/stf.katowice.pl\/wp-content\/uploads\/2026\/02\/Logo_czarne_male.png 500w, https:\/\/stf.katowice.pl\/wp-content\/uploads\/2026\/02\/Logo_czarne_male-300x238.png 300w, https:\/\/stf.katowice.pl\/wp-content\/uploads\/2026\/02\/Logo_czarne_male-253x200.png 253w\" sizes=\"auto, (max-width: 500px) 100vw, 500px\" \/><\/figure>\n<\/div>\n\n\n<hr class=\"wp-block-separator has-alpha-channel-opacity\"\/>\n","protected":false},"excerpt":{"rendered":"<p>Wszystko zacz\u0119\u0142o si\u0119 23 lutego 2002 roku, kiedy to grupa mi\u0142o\u015bnik\u00f3w fotografii w Katowicach powo\u0142a\u0142a do dzia\u0142ania \u015al\u0105skie Towarzystwo Fotograficzne&#8230; Pierwsze oficjalne za\u0142o\u017cycielskie spotkanie odby\u0142o si\u0119 dzi\u0119ki uprzejmo\u015bci w\u0142adz ZPAF w lokalu Zwi\u0105zku w Katowicach na ulicy Warszawskiej. Go\u015b\u0107mi honorowymi byli \u017cyczliwi inicjatywie towarzystwa arty\u015bci fotograficy Andrzej Koniakowski i Piotr &hellip;<\/p>\n","protected":false},"author":1,"featured_media":0,"parent":0,"menu_order":0,"comment_status":"closed","ping_status":"closed","template":"","meta":{"footnotes":""},"class_list":["post-14","page","type-page","status-publish","hentry"],"_links":{"self":[{"href":"https:\/\/stf.katowice.pl\/index.php?rest_route=\/wp\/v2\/pages\/14","targetHints":{"allow":["GET"]}}],"collection":[{"href":"https:\/\/stf.katowice.pl\/index.php?rest_route=\/wp\/v2\/pages"}],"about":[{"href":"https:\/\/stf.katowice.pl\/index.php?rest_route=\/wp\/v2\/types\/page"}],"author":[{"embeddable":true,"href":"https:\/\/stf.katowice.pl\/index.php?rest_route=\/wp\/v2\/users\/1"}],"replies":[{"embeddable":true,"href":"https:\/\/stf.katowice.pl\/index.php?rest_route=%2Fwp%2Fv2%2Fcomments&post=14"}],"version-history":[{"count":32,"href":"https:\/\/stf.katowice.pl\/index.php?rest_route=\/wp\/v2\/pages\/14\/revisions"}],"predecessor-version":[{"id":246,"href":"https:\/\/stf.katowice.pl\/index.php?rest_route=\/wp\/v2\/pages\/14\/revisions\/246"}],"wp:attachment":[{"href":"https:\/\/stf.katowice.pl\/index.php?rest_route=%2Fwp%2Fv2%2Fmedia&parent=14"}],"curies":[{"name":"wp","href":"https:\/\/api.w.org\/{rel}","templated":true}]}}