{"id":58,"date":"2026-02-16T21:48:08","date_gmt":"2026-02-16T20:48:08","guid":{"rendered":"https:\/\/stf.katowice.pl\/?page_id=58"},"modified":"2026-02-19T12:06:28","modified_gmt":"2026-02-19T11:06:28","slug":"kontakt","status":"publish","type":"page","link":"https:\/\/stf.katowice.pl\/?page_id=58","title":{"rendered":"Kontakt"},"content":{"rendered":"\n<div style=\"height:100px\" aria-hidden=\"true\" class=\"wp-block-spacer\"><\/div>\n\n\n\n<p class=\"has-large-font-size\">Je\u017celi chcia\u0142by\u015b do nas do\u0142\u0105czy\u0107, lub tylko chwil\u0119 z nami pogada\u0107, to s\u0105 na to dwie metody&#8230; pierwsza &#8211; odnale\u017a\u0107 nasz\u0105 grup\u0119 na Facebooku (poni\u017cej link) i zg\u0142osi\u0107 akces do tej\u017ce grupy. Administrator powinien szybko przeczyta\u0107 info z pro\u015bb\u0105 o do\u0142\u0105czenie do grupy, zatwierdzi\u0107 i ju\u017c.<\/p>\n\n\n\n<div style=\"height:50px\" aria-hidden=\"true\" class=\"wp-block-spacer\"><\/div>\n\n\n<div class=\"wp-block-image\">\n<figure class=\"aligncenter size-full is-resized\"><a href=\"https:\/\/fb.me\/g\/1T2Zqu3Djg\/qwcCFJAC\" target=\"_blank\" rel=\" noreferrer noopener\"><img loading=\"lazy\" decoding=\"async\" width=\"512\" height=\"512\" src=\"https:\/\/stf.katowice.pl\/wp-content\/uploads\/2026\/02\/Logo-facebook_f.png\" alt=\"\" class=\"wp-image-117\" style=\"width:200px\" srcset=\"https:\/\/stf.katowice.pl\/wp-content\/uploads\/2026\/02\/Logo-facebook_f.png 512w, https:\/\/stf.katowice.pl\/wp-content\/uploads\/2026\/02\/Logo-facebook_f-300x300.png 300w, https:\/\/stf.katowice.pl\/wp-content\/uploads\/2026\/02\/Logo-facebook_f-150x150.png 150w, https:\/\/stf.katowice.pl\/wp-content\/uploads\/2026\/02\/Logo-facebook_f-200x200.png 200w\" sizes=\"auto, (max-width: 512px) 100vw, 512px\" \/><\/a><\/figure>\n<\/div>\n\n\n<div style=\"height:50px\" aria-hidden=\"true\" class=\"wp-block-spacer\"><\/div>\n\n\n\n<p class=\"has-large-font-size\">Je\u015bli si\u0119 b\u0119dzie oci\u0105ga\u0142, to mo\u017cna napisa\u0107 maila na nasz adres:<\/p>\n\n\n\n<div style=\"height:30px\" aria-hidden=\"true\" class=\"wp-block-spacer\"><\/div>\n\n\n\n<p class=\"has-text-align-center has-larger-font-size\">&nbsp;<a href=\"mailto:stf.katowice@gmail.com\">stf.katowice@gmail.com<\/a><\/p>\n\n\n\n<div style=\"height:30px\" aria-hidden=\"true\" class=\"wp-block-spacer\"><\/div>\n\n\n\n<p class=\"has-large-font-size\">Druga metoda &#8211; \u015bci\u015ble zwi\u0105zana z pierwsz\u0105 &#8211; to do\u0142\u0105czy\u0107 do nas na naszych spotkaniach, poza mediami spo\u0142eczno\u015bciowymi. <\/p>\n\n\n\n<p class=\"has-large-font-size\">Spotykamy si\u0119 obecnie (bo zmienia\u0142o si\u0119 to na przestrzeni lat) najcz\u0119\u015bciej <strong>w trzeci\u0105 \u015brod\u0119 miesi\u0105ca ok. godziny 18<sup>00<\/sup><\/strong> w jednej z&nbsp;Katowickich kawiarni. W kt\u00f3rej? To ustalamy zazwyczaj na grupie Facebookowej w\u0142a\u015bnie.<\/p>\n\n\n\n<div style=\"height:50px\" aria-hidden=\"true\" class=\"wp-block-spacer\"><\/div>\n\n\n\n<p class=\"has-text-align-center has-large-font-size\"><strong>Zazwyczaj spotykamy si\u0119 w Coffee-jce w&nbsp;Katowicach&nbsp;na&nbsp;Plebiscytowej&nbsp;21<\/strong><\/p>\n\n\n\n<div style=\"height:30px\" aria-hidden=\"true\" class=\"wp-block-spacer\"><\/div>\n\n\n<div class=\"wp-block-image\">\n<figure class=\"aligncenter size-medium is-resized\"><a href=\"https:\/\/www.facebook.com\/coffeejka\/?locale=pl_PL\" target=\"_blank\" rel=\" noreferrer noopener\"><img loading=\"lazy\" decoding=\"async\" width=\"300\" height=\"300\" src=\"https:\/\/stf.katowice.pl\/wp-content\/uploads\/2026\/02\/Coffejka-300x300.png\" alt=\"\" class=\"wp-image-112\" style=\"width:200px\" srcset=\"https:\/\/stf.katowice.pl\/wp-content\/uploads\/2026\/02\/Coffejka-300x300.png 300w, https:\/\/stf.katowice.pl\/wp-content\/uploads\/2026\/02\/Coffejka-150x150.png 150w, https:\/\/stf.katowice.pl\/wp-content\/uploads\/2026\/02\/Coffejka-200x200.png 200w, https:\/\/stf.katowice.pl\/wp-content\/uploads\/2026\/02\/Coffejka.png 360w\" sizes=\"auto, (max-width: 300px) 100vw, 300px\" \/><\/a><\/figure>\n<\/div>\n\n\n<div style=\"height:50px\" aria-hidden=\"true\" class=\"wp-block-spacer\"><\/div>\n\n\n\n<p class=\"has-large-font-size\">Czasami &#8211; je\u015bli co\u015b ciekawego dzieje si\u0119 w Galerii Katowice &#8211; czyli w siedzibie Zwi\u0105zku Polskich Artyst\u00f3w Fotografik\u00f3w Okr\u0119g \u015al\u0105ski, to umawiamy si\u0119 w\u0142a\u015bnie tam: <strong>Galeria Katowice, ul. D\u0105browskiego 2, Katowice<\/strong>.<\/p>\n\n\n\n<p class=\"has-text-align-left has-large-font-size\">A jak najdzie nas nieodparta ch\u0119\u0107 p\u00f3j\u015bcia w \u015awiat z aparatami, to umawiamy si\u0119 na plener. Zawsze komunikujemy to na facebookowej grupie \u015al\u0105skiego Towarzystwa Fotograficznego.<\/p>\n\n\n\n<div style=\"height:100px\" aria-hidden=\"true\" class=\"wp-block-spacer\"><\/div>\n\n\n\n<p class=\"has-text-align-center has-larger-font-size\">Zapraszamy!<\/p>\n\n\n\n<div style=\"height:100px\" aria-hidden=\"true\" class=\"wp-block-spacer\"><\/div>\n\n\n<div class=\"wp-block-image\">\n<figure class=\"aligncenter size-full is-resized\"><img loading=\"lazy\" decoding=\"async\" width=\"500\" height=\"396\" src=\"https:\/\/stf.katowice.pl\/wp-content\/uploads\/2026\/02\/Logo_czarne_male.png\" alt=\"\" class=\"wp-image-77\" style=\"width:200px\" srcset=\"https:\/\/stf.katowice.pl\/wp-content\/uploads\/2026\/02\/Logo_czarne_male.png 500w, https:\/\/stf.katowice.pl\/wp-content\/uploads\/2026\/02\/Logo_czarne_male-300x238.png 300w, https:\/\/stf.katowice.pl\/wp-content\/uploads\/2026\/02\/Logo_czarne_male-253x200.png 253w\" sizes=\"auto, (max-width: 500px) 100vw, 500px\" \/><\/figure>\n<\/div>\n\n\n<hr class=\"wp-block-separator has-alpha-channel-opacity\"\/>\n","protected":false},"excerpt":{"rendered":"<p>Je\u017celi chcia\u0142by\u015b do nas do\u0142\u0105czy\u0107, lub tylko chwil\u0119 z nami pogada\u0107, to s\u0105 na to dwie metody&#8230; pierwsza &#8211; odnale\u017a\u0107 nasz\u0105 grup\u0119 na Facebooku (poni\u017cej link) i zg\u0142osi\u0107 akces do tej\u017ce grupy. Administrator powinien szybko przeczyta\u0107 info z pro\u015bb\u0105 o do\u0142\u0105czenie do grupy, zatwierdzi\u0107 i ju\u017c. Je\u015bli si\u0119 b\u0119dzie oci\u0105ga\u0142, &hellip;<\/p>\n","protected":false},"author":1,"featured_media":0,"parent":0,"menu_order":0,"comment_status":"closed","ping_status":"closed","template":"","meta":{"footnotes":""},"class_list":["post-58","page","type-page","status-publish","hentry"],"_links":{"self":[{"href":"https:\/\/stf.katowice.pl\/index.php?rest_route=\/wp\/v2\/pages\/58","targetHints":{"allow":["GET"]}}],"collection":[{"href":"https:\/\/stf.katowice.pl\/index.php?rest_route=\/wp\/v2\/pages"}],"about":[{"href":"https:\/\/stf.katowice.pl\/index.php?rest_route=\/wp\/v2\/types\/page"}],"author":[{"embeddable":true,"href":"https:\/\/stf.katowice.pl\/index.php?rest_route=\/wp\/v2\/users\/1"}],"replies":[{"embeddable":true,"href":"https:\/\/stf.katowice.pl\/index.php?rest_route=%2Fwp%2Fv2%2Fcomments&post=58"}],"version-history":[{"count":16,"href":"https:\/\/stf.katowice.pl\/index.php?rest_route=\/wp\/v2\/pages\/58\/revisions"}],"predecessor-version":[{"id":172,"href":"https:\/\/stf.katowice.pl\/index.php?rest_route=\/wp\/v2\/pages\/58\/revisions\/172"}],"wp:attachment":[{"href":"https:\/\/stf.katowice.pl\/index.php?rest_route=%2Fwp%2Fv2%2Fmedia&parent=58"}],"curies":[{"name":"wp","href":"https:\/\/api.w.org\/{rel}","templated":true}]}}