{"id":9,"date":"2026-02-16T17:33:27","date_gmt":"2026-02-16T16:33:27","guid":{"rendered":"https:\/\/stf.katowice.pl\/?page_id=9"},"modified":"2026-02-19T13:43:56","modified_gmt":"2026-02-19T12:43:56","slug":"slaskie-towarzystwo-fotograficzne","status":"publish","type":"page","link":"https:\/\/stf.katowice.pl\/","title":{"rendered":"\u015al\u0105skie Towarzystwo Fotograficzne"},"content":{"rendered":"\n<div style=\"height:100px\" aria-hidden=\"true\" class=\"wp-block-spacer\"><\/div>\n\n\n<div class=\"wp-block-image\">\n<figure class=\"alignleft size-medium is-resized\"><img loading=\"lazy\" decoding=\"async\" width=\"300\" height=\"216\" src=\"https:\/\/stf.katowice.pl\/wp-content\/uploads\/2026\/02\/Logo_biale-300x216.png\" alt=\"\" class=\"wp-image-69\" style=\"width:349px;height:auto\" srcset=\"https:\/\/stf.katowice.pl\/wp-content\/uploads\/2026\/02\/Logo_biale-300x216.png 300w, https:\/\/stf.katowice.pl\/wp-content\/uploads\/2026\/02\/Logo_biale-768x552.png 768w, https:\/\/stf.katowice.pl\/wp-content\/uploads\/2026\/02\/Logo_biale-278x200.png 278w, https:\/\/stf.katowice.pl\/wp-content\/uploads\/2026\/02\/Logo_biale.png 1000w\" sizes=\"auto, (max-width: 300px) 100vw, 300px\" \/><\/figure>\n<\/div>\n\n\n<p class=\"has-large-font-size\">\u015al\u0105skie Towarzystwo Fotograficzne (\u015aTF) to <em>towarzystwo<\/em>, do kt\u00f3rego nale\u017ce\u0107 mo\u017ce ka\u017cdy &#8211; bez wzgl\u0119du na p\u0142e\u0107, wiek, kolor sk\u00f3ry, pogl\u0105dy polityczne czy cokolwiek innego. Nie wa\u017cne czy masz sprz\u0119t za dziesi\u0105tki tysi\u0119cy czy te\u017c fotografujesz smartfonem. Ba! Nie wa\u017cne czy w og\u00f3le fotografujesz! By\u0107 mo\u017ce tylko lubisz ogl\u0105da\u0107 zdj\u0119cia\u2026 Nie wa\u017cne.<\/p>\n\n\n\n<p class=\"has-large-font-size\"><strong>Wa\u017cna jest pasja fotografii.<\/strong><\/p>\n\n\n\n<p class=\"has-large-font-size\">Jeste\u015bmy grup\u0105 \u017cyczliwych sobie os\u00f3b chc\u0105cych doskonali\u0107 swoje umiej\u0119tno\u015bci w&nbsp;szlachetnej sztuce fotografowania. Niekt\u00f3rzy z nas to jeszcze dobrzy znajomi z&nbsp;internetowych fotograficznych list dyskusyjnych, o istnieniu kt\u00f3rych chyba nikt &#8211; nie wy\u0142\u0105czaj\u0105c nas samych &#8211; ju\u017c nie pami\u0119ta&#8230; Dzisiaj zamiast list (grup) dyskusyjnych mamy portale spo\u0142eczno\u015bciowe. \u015awiat wirtualny ma jednak swoje ograniczenia, wi\u0119c zrodzi\u0142a si\u0119 do\u015b\u0107 wcze\u015bnie potrzeba spotka\u0144 poza sieci\u0105. I tak trwamy ju\u017c wiele lat. Raz w gronie wi\u0119kszym, czasami w&nbsp;mniejszym, niekiedy aktywni i&nbsp;pe\u0142ni pomys\u0142\u00f3w, innym razem nostalgiczni i&nbsp;wspominaj\u0105cy przy kuflu piwa i fili\u017cance kawy najcenniejsze wsp\u00f3lne chwile\u2026 <\/p>\n\n\n\n<p class=\"has-large-font-size\">Od samego pocz\u0105tku swojego istnienia \u015al\u0105skie Towarzystwo Fotograficzne postawi\u0142o na brak jakikolwiek formalizm\u00f3w. Pocz\u0105wszy od struktur, poprzez zasady przyjmowania do \u015aTF a sko\u0144czywszy na statutach, regulaminach itp. Do dzisiaj \u015al\u0105skie Towarzystwo Fotograficzne nie ma statutu, regulamin\u00f3w, sk\u0142adek cz\u0142onkowskich, prezes\u00f3w, zarz\u0105d\u00f3w, zasad przyjmowania i w\u0142asnego lokalu.&nbsp;<\/p>\n\n\n\n<p class=\"has-large-font-size\"><strong>Mimo to istniejemy ju\u017c &#8211; bez ma\u0142a &#8211; \u0107wier\u0107 wieku!<\/strong><\/p>\n\n\n\n<div style=\"height:50px\" aria-hidden=\"true\" class=\"wp-block-spacer\"><\/div>\n\n\n<div class=\"wp-block-image\">\n<figure class=\"aligncenter size-full\"><img loading=\"lazy\" decoding=\"async\" width=\"2000\" height=\"1333\" src=\"https:\/\/stf.katowice.pl\/wp-content\/uploads\/2026\/02\/STF-20_Lat.jpg\" alt=\"\" class=\"wp-image-231\" srcset=\"https:\/\/stf.katowice.pl\/wp-content\/uploads\/2026\/02\/STF-20_Lat.jpg 2000w, https:\/\/stf.katowice.pl\/wp-content\/uploads\/2026\/02\/STF-20_Lat-300x200.jpg 300w, https:\/\/stf.katowice.pl\/wp-content\/uploads\/2026\/02\/STF-20_Lat-1024x682.jpg 1024w, https:\/\/stf.katowice.pl\/wp-content\/uploads\/2026\/02\/STF-20_Lat-768x512.jpg 768w, https:\/\/stf.katowice.pl\/wp-content\/uploads\/2026\/02\/STF-20_Lat-1536x1024.jpg 1536w\" sizes=\"auto, (max-width: 2000px) 100vw, 2000px\" \/><figcaption class=\"wp-element-caption\">WERNISA\u017b JUBILEUSZOWEJ WYSTAWY Z OKAZJI NASZEGO 20-LECIA &#8211; Siemianowickie Centrum Kultury &#8211; Park Tradycji &#8211; fot. Arch. \u015aTF<\/figcaption><\/figure>\n<\/div>\n\n\n<div style=\"height:50px\" aria-hidden=\"true\" class=\"wp-block-spacer\"><\/div>\n\n\n\n<p class=\"has-large-font-size\">Zapraszamy zatem bez wzgl\u0119du na wiek, umiej\u0119tno\u015bci czy status zawodowy. <\/p>\n\n\n\n<p class=\"has-large-font-size\">Jeste\u015bmy jak nie\u015bpieszny poci\u0105g, do kt\u00f3rego ka\u017cdy mo\u017ce wsi\u0105\u015b\u0107 i jecha\u0107 z nami fotograficzn\u0105 drog\u0105 tak d\u0142ugo jak d\u0142ugo jest mu to po drodze z nami a je\u015bli kto\u015b ma w&nbsp;sobie do\u015b\u0107 ch\u0119ci i&nbsp;entuzjazmu to i&nbsp;miejsce w&nbsp;lokomotywie r\u00f3wnie\u017c si\u0119 znajdzie, bo przed nami jeszcze wiele do zrobienia.<\/p>\n\n\n\n<p class=\"has-large-font-size\">W planach s\u0105 realizacje projekt\u00f3w fotograficznych, plenery, wystawy. Jeste\u015bmy te\u017c otwarci na wymian\u0119 do\u015bwiadcze\u0144 i kontakty z&nbsp;innymi grupami fotograficznymi. <\/p>\n\n\n\n<p class=\"has-large-font-size\">Dzisiaj \u015aTF posiada swoje miejsce w mediach elektronicznych kilkudziesi\u0119cioosobow\u0105 <a href=\"https:\/\/fb.me\/g\/1T2Zqu3Djg\/qwcCFJAC\" target=\"_blank\" rel=\"noreferrer noopener\">grup\u0119 na Facebooku<\/a>, w\u0142asne logo i&nbsp;mark\u0119, kt\u00f3ra (miejmy nadziej\u0119) na sta\u0142e utrwali\u0142a si\u0119 ju\u017c w \u015bwiecie \u015bl\u0105skiej (i nie tylko \u015bl\u0105skiej) fotografii.<\/p>\n\n\n\n<div style=\"height:100px\" aria-hidden=\"true\" class=\"wp-block-spacer\"><\/div>\n\n\n<div class=\"wp-block-image\">\n<figure class=\"aligncenter size-medium is-resized\"><img loading=\"lazy\" decoding=\"async\" width=\"300\" height=\"238\" src=\"https:\/\/stf.katowice.pl\/wp-content\/uploads\/2026\/02\/Logo_czarne_male-300x238.png\" alt=\"\" class=\"wp-image-77\" style=\"width:200px\" srcset=\"https:\/\/stf.katowice.pl\/wp-content\/uploads\/2026\/02\/Logo_czarne_male-300x238.png 300w, https:\/\/stf.katowice.pl\/wp-content\/uploads\/2026\/02\/Logo_czarne_male-253x200.png 253w, https:\/\/stf.katowice.pl\/wp-content\/uploads\/2026\/02\/Logo_czarne_male.png 500w\" sizes=\"auto, (max-width: 300px) 100vw, 300px\" \/><\/figure>\n<\/div>\n\n\n<hr class=\"wp-block-separator has-alpha-channel-opacity is-style-default\"\/>\n\n\n\n<p><\/p>\n","protected":false},"excerpt":{"rendered":"<p>\u015al\u0105skie Towarzystwo Fotograficzne (\u015aTF) to towarzystwo, do kt\u00f3rego nale\u017ce\u0107 mo\u017ce ka\u017cdy &#8211; bez wzgl\u0119du na p\u0142e\u0107, wiek, kolor sk\u00f3ry, pogl\u0105dy polityczne czy cokolwiek innego. Nie wa\u017cne czy masz sprz\u0119t za dziesi\u0105tki tysi\u0119cy czy te\u017c fotografujesz smartfonem. Ba! Nie wa\u017cne czy w og\u00f3le fotografujesz! By\u0107 mo\u017ce tylko lubisz ogl\u0105da\u0107 zdj\u0119cia\u2026 Nie &hellip;<\/p>\n","protected":false},"author":1,"featured_media":0,"parent":0,"menu_order":0,"comment_status":"closed","ping_status":"closed","template":"","meta":{"footnotes":""},"class_list":["post-9","page","type-page","status-publish","hentry"],"_links":{"self":[{"href":"https:\/\/stf.katowice.pl\/index.php?rest_route=\/wp\/v2\/pages\/9","targetHints":{"allow":["GET"]}}],"collection":[{"href":"https:\/\/stf.katowice.pl\/index.php?rest_route=\/wp\/v2\/pages"}],"about":[{"href":"https:\/\/stf.katowice.pl\/index.php?rest_route=\/wp\/v2\/types\/page"}],"author":[{"embeddable":true,"href":"https:\/\/stf.katowice.pl\/index.php?rest_route=\/wp\/v2\/users\/1"}],"replies":[{"embeddable":true,"href":"https:\/\/stf.katowice.pl\/index.php?rest_route=%2Fwp%2Fv2%2Fcomments&post=9"}],"version-history":[{"count":24,"href":"https:\/\/stf.katowice.pl\/index.php?rest_route=\/wp\/v2\/pages\/9\/revisions"}],"predecessor-version":[{"id":232,"href":"https:\/\/stf.katowice.pl\/index.php?rest_route=\/wp\/v2\/pages\/9\/revisions\/232"}],"wp:attachment":[{"href":"https:\/\/stf.katowice.pl\/index.php?rest_route=%2Fwp%2Fv2%2Fmedia&parent=9"}],"curies":[{"name":"wp","href":"https:\/\/api.w.org\/{rel}","templated":true}]}}